{"id":2497,"date":"2020-11-18T14:53:33","date_gmt":"2020-11-18T14:53:33","guid":{"rendered":"https:\/\/web.grupoaddvalora.com\/isencao-de-responsabilidade\/"},"modified":"2021-01-08T09:24:41","modified_gmt":"2021-01-08T09:24:41","slug":"isencao-de-responsabilidade","status":"publish","type":"page","link":"https:\/\/grupoaddvalora.com\/pt-br\/isencao-de-responsabilidade\/","title":{"rendered":"Propriedade intelectual"},"content":{"rendered":"<div class=\"wpb-content-wrapper\"><p>[vc_row full_width=&#8221;stretch_row_content_no_spaces&#8221;][vc_column]\r\n\t\t<section class='section-title-breadcrumb' style='background-image: url(https:\/\/grupoaddvalora.com\/wp-content\/uploads\/2018\/04\/header-especialidades.jpg);'>\r\n\t\t    <div class='cover'>\r\n\t\t\t\t<div class='container'>\t\t\t\t\t\r\n\t\t\t\t\t<h5 class='breadcrumb-title'>\r\n\t\t\t\t\t\t  <a href=\"https:\/\/grupoaddvalora.com\/pt-br\/\">In\u00edcio<\/a> <span class=\"divider\"> \/ <\/span>P\u00e1gina \r\n\t\t\t\t\t<\/h5>\t\t\t\t\t\r\n\t\t\t\t<\/div>\r\n\t\t\t<\/div>\r\n\t\t<\/section>\r\n\t[\/vc_column][\/vc_row][vc_row][vc_column]\r\n    \t\t<header class='post-title'>\r\n\t            <h2 class='title'>Isen\u00e7\u00e3o de responsabilidade<\/h2>\r\n\t            \r\n\t        <\/header> \r\n\r\n\t        \r\n           \r\n           [vc_column_text]<strong>Uso Indevido<\/strong><br \/>\nAVALORA ADJUSTERS GROUP S.L. n\u00e3o se responsabiliza pelo uso indevido do conte\u00fado das suas p\u00e1ginas web, nem pelos danos ou preju\u00edzos decorrentes do acesso ou uso indevido das informa\u00e7\u00f5es nele contidas.<\/p>\n<p><strong>Conte\u00fado de terceiros:<\/strong><br \/>\nO site pode conter links de hipertexto para outras p\u00e1ginas da World Wide Web, que s\u00e3o completamente independentes dessas p\u00e1ginas da web. AVALORA ADJUSTERS GROUP S.L. n\u00e3o se responsabiliza nem garante, de forma alguma, a veracidade, insufici\u00eancia ou autenticidade da informa\u00e7\u00e3o prestada por qualquer pessoa ou entidade, f\u00edsica ou jur\u00eddica, com ou sem personalidade jur\u00eddica pr\u00f3pria, atrav\u00e9s dos referidos links de hipertexto.<\/p>\n<p><strong>Falhas tecnol\u00f3gicas, externas ou pr\u00f3prias:<\/strong><br \/>\nAVALORA ADJUSTERS GROUP S.L. n\u00e3o se responsabiliza por poss\u00edveis danos que possam advir de interfer\u00eancias, omiss\u00f5es, interrup\u00e7\u00f5es, v\u00edrus inform\u00e1ticos, avarias telef\u00f3nicas ou desligamentos no funcionamento do sistema escolhido (rede telef\u00f3nica, internet, etc.) motivados \u200b\u200bpor causas alheias ao seu controlo; de atrasos ou bloqueios no uso do sistema escolhido causados \u200b\u200bpor defici\u00eancias ou sobrecargas de linhas telef\u00f4nicas ou em servidores de internet ou outros sistemas eletr\u00f4nicos, bem como danos que possam ser causados \u200b\u200bpor terceiros por interfer\u00eancia ileg\u00edtima no sistema escolhido, fora do controle da AVALORA ADJUSTERS GROUP SL Da mesma forma, AVALORA ADJUSTERS GROUP S.L. \u00e9 exonerado. da responsabilidade por qualquer dano ou preju\u00edzo que o Cliente possa sofrer em resultado de erros, defeitos ou omiss\u00f5es nas informa\u00e7\u00f5es prestadas por AVALORA ADJUSTERS GROUP S.L., desde que procedam de fontes externas.<\/p>\n<p><strong>Troca ou dissemina\u00e7\u00e3o de informa\u00e7\u00f5es:<\/strong><br \/>\nAVALORA ADJUSTERS GROUP S.L. declina qualquer responsabilidade que decorra da troca de informa\u00e7\u00e3o entre usu\u00e1rios atrav\u00e9s das suas p\u00e1ginas web, correspondendo a responsabilidade das declara\u00e7\u00f5es divulgadas nas suas p\u00e1ginas a quem as faz.<\/p>\n<p><strong>Propriedade Intelectual e Industrial<\/strong><br \/>\nOs direitos autorais do material contido neste site s\u00e3o propriedade da AVALORA ADJUSTERS GROUP S.L. O acesso gratuito n\u00e3o implica outros direitos ou licen\u00e7as de reprodu\u00e7\u00e3o e \/ ou distribui\u00e7\u00e3o sem a autoriza\u00e7\u00e3o pr\u00e9via e expressa da AVALORA ADJUSTERS GROUP S.L. As marcas, logotipos, desenhos, anima\u00e7\u00f5es, imagens, textos, programas ou quaisquer outros conte\u00fados ou elementos que fa\u00e7am parte deste site s\u00e3o protegidos por leis de propriedade industrial e intelectual e por tratados internacionais. Portanto, sua reprodu\u00e7\u00e3o, distribui\u00e7\u00e3o, manipula\u00e7\u00e3o ou transforma\u00e7\u00e3o n\u00e3o autorizada, total ou parcial, ensejar\u00e1 graves penalidades civis e criminais e ser\u00e1 objeto de tantas a\u00e7\u00f5es judiciais quanto cab\u00edveis por lei.<\/p>\n<p>AVALORA Adjusters Group S.L. 2011. Todos os direitos reservados[\/vc_column_text][vc_empty_space height=&#8221;100px&#8221;][\/vc_column][\/vc_row]<\/p>\n<\/div>","protected":false},"excerpt":{"rendered":"<p>[vc_row full_width=&#8221;stretch_row_content_no_spaces&#8221;][vc_column][\/vc_column][\/vc_row][vc_row][vc_column][vc_column_text]Uso Indevido AVALORA ADJUSTERS GROUP S.L. n\u00e3o se responsabiliza pelo uso indevido do conte\u00fado das suas p\u00e1ginas web, nem pelos danos ou preju\u00edzos decorrentes [&hellip;]<\/p>\n","protected":false},"author":1,"featured_media":0,"parent":0,"menu_order":7,"comment_status":"closed","ping_status":"closed","template":"","meta":{"_acf_changed":false,"footnotes":""},"class_list":["post-2497","page","type-page","status-publish","hentry"],"acf":[],"_links":{"self":[{"href":"https:\/\/grupoaddvalora.com\/pt-br\/wp-json\/wp\/v2\/pages\/2497","targetHints":{"allow":["GET"]}}],"collection":[{"href":"https:\/\/grupoaddvalora.com\/pt-br\/wp-json\/wp\/v2\/pages"}],"about":[{"href":"https:\/\/grupoaddvalora.com\/pt-br\/wp-json\/wp\/v2\/types\/page"}],"author":[{"embeddable":true,"href":"https:\/\/grupoaddvalora.com\/pt-br\/wp-json\/wp\/v2\/users\/1"}],"replies":[{"embeddable":true,"href":"https:\/\/grupoaddvalora.com\/pt-br\/wp-json\/wp\/v2\/comments?post=2497"}],"version-history":[{"count":5,"href":"https:\/\/grupoaddvalora.com\/pt-br\/wp-json\/wp\/v2\/pages\/2497\/revisions"}],"predecessor-version":[{"id":4135,"href":"https:\/\/grupoaddvalora.com\/pt-br\/wp-json\/wp\/v2\/pages\/2497\/revisions\/4135"}],"wp:attachment":[{"href":"https:\/\/grupoaddvalora.com\/pt-br\/wp-json\/wp\/v2\/media?parent=2497"}],"curies":[{"name":"wp","href":"https:\/\/api.w.org\/{rel}","templated":true}]}}