{"id":2474,"date":"2020-11-18T14:18:35","date_gmt":"2020-11-18T14:18:35","guid":{"rendered":"https:\/\/web.grupoaddvalora.com\/privacidade\/"},"modified":"2026-03-05T18:09:04","modified_gmt":"2026-03-05T18:09:04","slug":"privacidade","status":"publish","type":"page","link":"https:\/\/grupoaddvalora.com\/pt-br\/privacidade\/","title":{"rendered":"Privacidade"},"content":{"rendered":"<div class=\"wpb-content-wrapper\"><p>[vc_row full_width=&#8221;stretch_row_content_no_spaces&#8221;][vc_column]\r\n\t\t<section class='section-title-breadcrumb' style='background-image: url(https:\/\/grupoaddvalora.com\/wp-content\/uploads\/2018\/04\/header-especialidades.jpg);'>\r\n\t\t    <div class='cover'>\r\n\t\t\t\t<div class='container'>\t\t\t\t\t\r\n\t\t\t\t\t<h5 class='breadcrumb-title'>\r\n\t\t\t\t\t\t  <a href=\"https:\/\/grupoaddvalora.com\/pt-br\/\">In\u00edcio<\/a> <span class=\"divider\"> \/ <\/span>P\u00e1gina \r\n\t\t\t\t\t<\/h5>\t\t\t\t\t\r\n\t\t\t\t<\/div>\r\n\t\t\t<\/div>\r\n\t\t<\/section>\r\n\t[\/vc_column][\/vc_row][vc_row][vc_column]\r\n    \t\t<header class='post-title'>\r\n\t            <h2 class='title'>Pol\u00edtica de privacidade<\/h2>\r\n\t            \r\n\t        <\/header> \r\n\r\n\t        \r\n           \r\n           [vc_column_text css=&#8221;&#8221;]Em conformidade com as Normas sobre a Prote\u00e7\u00e3o de Dados Pessoais e de acordo com o Regulamento (UE) 2016\/679 do Parlamento Europeu e do Conselho, de 27 de abril de 2016, sobre a prote\u00e7\u00e3o de pessoas f\u00edsicas no que diz respeito ao processamento de dados pessoais e \u00e0 livre circula\u00e7\u00e3o desses dados (&#8220;RGPD&#8221;) e com a Lei Org\u00e2nica 3\/2018,\u00a0 de 5 de dezembro, a prote\u00e7\u00e3o de dados pessoais e a garantia de direitos digitais (&#8220;LOPDGDD&#8221;), em seguida, as empresas do Grupo Addvalora (doravante, &#8220;GRUPO ADDVALORA&#8221;) fornecem-lhe as informa\u00e7\u00f5es para que voc\u00ea conhe\u00e7a todos os elementos relevantes para o processamento de seus dados.<\/p>\n<p><strong>Quem \u00e9 respons\u00e1vel pelo processamento de seus dados?<\/strong><\/p>\n<p>Seus dados pessoais ser\u00e3o processados pelos seguintes controladores de dados que atuam sob a condi\u00e7\u00e3o de controladores conjuntos de acordo com o artigo 26 do GDPR:<\/p>\n<h6>Escrit\u00f3rio registrado<br \/>\nAVALORA ADJUSTERS GROUP, S.L.\u00a0 &#8211; CIF: B85615706<br \/>\nAVALORA SERVICIOS PERICIALES, S.L. &#8211; CIF: B09245168<br \/>\nAVIAMAR INTERNATIONAL SURVEYORS, S.L. &#8211; CIF: B84057652<br \/>\nADDIS INGENIER\u00cdA Y SEGURIDAD, S.L. &#8211; CIF: B97704969<br \/>\nADDGESTION SERVICIOS DE TRAMITACI\u00d3N, S.L. &#8211; CIF: B86472842<br \/>\nADD CONSULTING Y FORMACI\u00d3N S.L. CIF: B95367686<br \/>\nAXIOMA INTEGRAL S.L. CIF: B63144638<br \/>\nTEOREMA LEGAL S.L.\u00a0 CIF: B66348673<\/h6>\n<h6>Domicilio social: Calle Pr\u00edncipe de Vergara 38, 4\u00ba Izq. 28001 Madrid<\/h6>\n<h6>Telefone \/ email<br \/>\n+34 915 723 060 \/ <span style=\"color: #ff9900;\"><a style=\"color: #ff9900;\" href=\"about:blank\">protecaodedados@addvaloraglobal.com<\/a><\/span><\/h6>\n<p><strong>Para que prop\u00f3sito processamos seus dados pessoais?<\/strong><\/p>\n<p>Seus dados pessoais podem ser processados para os seguintes fins<\/p>\n<ul>\n<li>Seus dados ser\u00e3o processados para auxiliar, gerenciar e responder a poss\u00edveis solicita\u00e7\u00f5es, coment\u00e1rios e\/ou consultas feitas por voc\u00ea.<\/li>\n<li>Se voc\u00ea \u00e9 nosso cliente, fornecedor e\/ou colaborador, seus dados ser\u00e3o processados para executar, gerenciar e manter nosso relacionamento contratual.<\/li>\n<li>As informa\u00e7\u00f5es ser\u00e3o processadas para cumprir nossas obriga\u00e7\u00f5es legais, poss\u00edveis decis\u00f5es judiciais e outras decis\u00f5es determinadas pelas autoridades.<\/li>\n<li>Sempre que tivermos uma base legal que permita, processaremos seus dados para mant\u00ea-lo informado sobre servi\u00e7os, promo\u00e7\u00f5es e produtos relacionados \u00e0 nossa atividade atrav\u00e9s dos meios que voc\u00ea nos forneceu.<\/li>\n<\/ul>\n<p><strong>Qual \u00e9 a legitimidade para o processamento de seus dados pessoais?<\/strong><\/p>\n<p>Os tratamentos realizados possuem as seguintes bases legais:<\/p>\n<ul>\n<li>Quando seus dados s\u00e3o processados para auxiliar, gerenciar e atender a poss\u00edveis solicita\u00e7\u00f5es, coment\u00e1rios e\/ou consultas, o tratamento \u00e9 realizado com base no seu consentimento ao nos enviar sua consulta e\/ou solicita\u00e7\u00e3o (artigo 6.1.a) RGPD).<\/li>\n<li>Quando suas informa\u00e7\u00f5es s\u00e3o processadas para executar, gerenciar e manter nossa rela\u00e7\u00e3o contratual, o processamento \u00e9 realizado com base na necessidade de execu\u00e7\u00e3o de um contrato ao qual voc\u00ea \u00e9 parte (artigo 6.1.b) GDPR).<\/li>\n<li>Quando as informa\u00e7\u00f5es s\u00e3o processadas para cumprir nossas obriga\u00e7\u00f5es legais, poss\u00edveis decis\u00f5es judiciais e outras decis\u00f5es determinadas pelas autoridades (artigo 6.1.c) GDPR).<\/li>\n<li>Quando as informa\u00e7\u00f5es s\u00e3o processadas para mant\u00ea-lo informado sobre servi\u00e7os, promo\u00e7\u00f5es e produtos relacionados \u00e0 nossa atividade, o tratamento \u00e9 realizado com base no seu consentimento (artigo 21.1 do LSSICE) e\/ou na autoriza\u00e7\u00e3o legal prevista no artigo 21.2 do LSSICE.<\/li>\n<\/ul>\n<p><strong>Por quanto tempo manteremos seus dados pessoais?<\/strong><\/p>\n<p>Seus dados pessoais ser\u00e3o processados pelo per\u00edodo necess\u00e1rio para cumprir com as finalidades estabelecidas nesta Pol\u00edtica de Privacidade, bem como para manter suas informa\u00e7\u00f5es pessoais em conformidade com as disposi\u00e7\u00f5es das leis e regulamentos pertinentes, especialmente em rela\u00e7\u00e3o aos prazos de prescri\u00e7\u00e3o legal, e para a formula\u00e7\u00e3o, exerc\u00edcio ou defesa de sinistros.<\/p>\n<p>Os crit\u00e9rios que seguimos para isso s\u00e3o determinados pela finalidade dos dados coletados e pelo cumprimento dessa finalidade (por exemplo, em caso de consentimento, voc\u00ea pode revog\u00e1-los a qualquer momento) e, os per\u00edodos de armazenamento exigidos de acordo com os requisitos contratuais e regulamentares.<\/p>\n<p>Por favor, note que, em alguns casos, podemos manter seus dados para o per\u00edodo necess\u00e1rio para a formula\u00e7\u00e3o, exerc\u00edcio ou defesa de sinistros, requisitos, responsabilidades e obriga\u00e7\u00f5es legais e\/ou contratuais, sempre sendo devidamente bloqueados.<\/p>\n<p><strong>Para quais destinat\u00e1rios seus dados podem ser comunicados?<\/strong><\/p>\n<p>Dependendo das finalidades para as quais as informa\u00e7\u00f5es pessoais s\u00e3o coletadas, seus dados pessoais podem ser acessados pelos seguintes terceiros:<\/p>\n<ul>\n<li>As administra\u00e7\u00f5es p\u00fablicas, \u00f3rg\u00e3os competentes e\/ou autoridades e, as for\u00e7as e \u00f3rg\u00e3os de seguran\u00e7a relevantes, nos casos em que houver uma exig\u00eancia, uma obriga\u00e7\u00e3o legal ou consideramos que h\u00e1 ind\u00edcios e\/ou suspeitas suficientes para enfrentar um crime ou il\u00edcito.<\/li>\n<li>Colaboradores e provedores de servi\u00e7os de terceiros que tratam as informa\u00e7\u00f5es como processadores de dados. O contrato correspondente para a ordem de processamento foi celebrado com todos os nossos fornecedores de acordo com as normas sobre a prote\u00e7\u00e3o de dados pessoais.<\/li>\n<\/ul>\n<p>Informamos que o GRUPO ADDVALORA n\u00e3o transfere seus dados pessoais para um pa\u00eds fora da \u00c1rea Econ\u00f4mica Europeia (E.E.E.) No entanto, se isso fosse feito, garantir\u00edamos que tenhamos prote\u00e7\u00e3o adequada dos dados pessoais utilizando as salvaguardas permitidas pelas regulamenta\u00e7\u00f5es, em particular a utiliza\u00e7\u00e3o das cl\u00e1usulas contratuais padr\u00e3o aprovadas pela Comiss\u00e3o Europeia.<\/p>\n<p><strong>Quais s\u00e3o seus direitos quando voc\u00ea nos fornece dados pessoais?<\/strong><\/p>\n<p>Se processarmos seus dados, voc\u00ea deve saber que seus direitos s\u00e3o:<\/p>\n<ul>\n<li><u>Direito de solicitar acesso a dados pessoais<\/u>: voc\u00ea pode perguntar se o GRUPO ADDVALORA est\u00e1 processando seus dados e, se for o caso, acess\u00e1-los.<\/li>\n<li><u>Direito de solicitar retifica\u00e7\u00e3o se os dados forem imprecisos ou de completar os dados que temos incompletos. <\/u><\/li>\n<li><u>Direito de solicitar a exclus\u00e3o de seus dados<\/u>.<\/li>\n<li><u>Direito de solicitar a limita\u00e7\u00e3o de seu tratamento<\/u>: neste caso, o GRUPO ADDVALORA s\u00f3 os manter\u00e1 para o exerc\u00edcio ou defesa de sinistros.<\/li>\n<li><u>Direito de se opor ao processamento<\/u>: deixaremos de processar dados pessoais, com a exce\u00e7\u00e3o de que eles devem continuar a ser processados por raz\u00f5es leg\u00edtimas ou para o exerc\u00edcio ou defesa de poss\u00edveis reivindica\u00e7\u00f5es.<\/li>\n<li><u>Direito \u00e0 portabilidade de dados<\/u>: caso voc\u00ea queira que seus dados sejam processados por outro controlador de dados, facilitaremos a transfer\u00eancia de seus dados para o novo controlador, sempre que tecnicamente poss\u00edvel.<\/li>\n<li><u>Direito de n\u00e3o estar sujeito a uma decis\u00e3o baseada apenas no processamento automatizado de seus dados pessoais. <\/u><\/li>\n<\/ul>\n<p>Se voc\u00ea nos deu seu consentimento para qualquer finalidade espec\u00edfica, voc\u00ea pode retir\u00e1-lo sempre que desejar, sem afetar a legalidade do processamento com base no consentimento antes da retirada.<\/p>\n<p>Para exercer seus direitos, voc\u00ea pode enviar um e-mail para protecaodedados@addvaloraglobal.com ou por escrito para o endere\u00e7o postal listado na se\u00e7\u00e3o 1 desta pol\u00edtica. \u00a0Se voc\u00ea quiser, voc\u00ea pode usar os formul\u00e1rios que colocamos \u00e0 sua disposi\u00e7\u00e3o, clicando<strong><span style=\"color: #ff6600;\"> <a style=\"color: #ff6600;\" href=\"https:\/\/drive.google.com\/file\/d\/1WEE6X6TDbDuRKyHPDlTB2Bk1hDQ1y0gJ\/view?usp=sharing\">aqui<\/a>.<\/span><\/strong><\/p>\n<p>Sempre que considerar apropriado, voc\u00ea pode apresentar uma reclama\u00e7\u00e3o \u00e0 autoridade competente, neste caso, a Ag\u00eancia Espanhola de Prote\u00e7\u00e3o de Dados (<a href=\"about:blank\"><span style=\"color: #ff9900;\">https:\/\/www.aepd.es<\/span><\/a>).<\/p>\n<p><strong>Informa\u00e7\u00f5es adicionais<\/strong><\/p>\n<p><u>Pol\u00edtica de Uso da Crian\u00e7a. <\/u>\u00a0Nossos servi\u00e7os s\u00e3o voltados exclusivamente para pessoas em idade legal. \u00a0Nesse sentido, n\u00e3o coletamos conscientemente informa\u00e7\u00f5es de menores. De qualquer forma, se voc\u00ea \u00e9 pai, m\u00e3e ou representante legal e considera que seu filho ou respons\u00e1vel nos enviou dados pessoais, entre em contato conosco enviando um e-mail para<span style=\"color: #ff9900;\"><a style=\"color: #ff9900;\" href=\"about:blank\"> protecaodedados@addvaloraglobal.com<\/a><\/span>.<\/p>\n<p><u>Dados especialmente protegidos<\/u>.\u00a0 GRUPO ADDVALORA n\u00e3o coleta ou processa dados pessoais que revelem origem \u00e9tnica ou racial, opini\u00f5es pol\u00edticas, convic\u00e7\u00f5es religiosas ou filos\u00f3ficas, ou filia\u00e7\u00e3o sindical, e o processamento de dados gen\u00e9ticos, dados biom\u00e9tricos destinados \u00e0 identifica\u00e7\u00e3o exclusiva de uma pessoa f\u00edsica, dados relacionados \u00e0 sa\u00fade ou vida sexual ou orienta\u00e7\u00f5es sexuais.<\/p>\n<p><u>Dados pessoais de terceiros<\/u>. Se os dados pessoais fornecidos pertencem a terceiros, voc\u00ea garante que informou a referida terceira parte dos aspectos contidos nesta Pol\u00edtica de Privacidade, e obteve seu consentimento para nos fornecer seus dados para os fins indicados na referida Pol\u00edtica.<\/p>\n<p><u>Links<\/u>. \u00a0No site do GRUPO ADDVALORA pode haver links para outros sites que consideramos potencialmente \u00fateis e informativos para voc\u00ea. No entanto, note que n\u00e3o endossamos ou recomendamos o conte\u00fado ou servi\u00e7os de tais sites, nem somos respons\u00e1veis por suas pol\u00edticas de privacidade. Recomendamos que voc\u00ea tenha em mente e leia as pol\u00edticas de privacidade de todos os sites que voc\u00ea visita. Lembre-se que o que est\u00e1 indicado nesta Pol\u00edtica de Privacidade s\u00f3 se aplica aos dados coletados e\/ou processados pelo GRUPO ADDVALORA.<\/p>\n<p><u>Atualiza\u00e7\u00f5es<\/u>. \u00a0S\u00f3 usaremos seus dados pessoais conforme estabelecido neste documento que est\u00e1 em vigor no momento em que coletamos suas informa\u00e7\u00f5es. Caso GRUPO ADDVALORA realize uma modifica\u00e7\u00e3o no processamento de seus dados, voc\u00ea ser\u00e1 informado em tempo h\u00e1bil.<\/p>\n<p><u>Entre em contato conosco<\/u>. \u00a0Se em algum momento voc\u00ea acreditar que n\u00e3o cumprimos as disposi\u00e7\u00f5es estabelecidas nesta Pol\u00edtica de Privacidade, por favor, avise-nos enviando um e-mail para <span style=\"color: #ff9900;\"><a style=\"color: #ff9900;\" href=\"about:blank\">protecaodedados@addvaloraglobal.com<\/a><\/span>. Se voc\u00ea quiser escalar um problema sobre a privacidade de seus dados ou tiver alguma d\u00favida sobre esta Pol\u00edtica de Privacidade, n\u00e3o hesite e entre em contato conosco. Ficaremos felizes em ajud\u00e1-lo.<\/p>\n<p><strong>Data de atualiza\u00e7\u00e3o: <\/strong><strong>01\/02\/2026<\/strong>[\/vc_column_text][vc_empty_space height=&#8221;320px&#8221;][\/vc_column][\/vc_row]<\/p>\n<\/div>","protected":false},"excerpt":{"rendered":"<p>[vc_row full_width=&#8221;stretch_row_content_no_spaces&#8221;][vc_column][\/vc_column][\/vc_row][vc_row][vc_column][vc_column_text css=&#8221;&#8221;]Em conformidade com as Normas sobre a Prote\u00e7\u00e3o de Dados Pessoais e de acordo com o Regulamento (UE) 2016\/679 do Parlamento Europeu e [&hellip;]<\/p>\n","protected":false},"author":1,"featured_media":0,"parent":0,"menu_order":6,"comment_status":"closed","ping_status":"closed","template":"","meta":{"_acf_changed":false,"footnotes":""},"class_list":["post-2474","page","type-page","status-publish","hentry"],"acf":[],"_links":{"self":[{"href":"https:\/\/grupoaddvalora.com\/pt-br\/wp-json\/wp\/v2\/pages\/2474","targetHints":{"allow":["GET"]}}],"collection":[{"href":"https:\/\/grupoaddvalora.com\/pt-br\/wp-json\/wp\/v2\/pages"}],"about":[{"href":"https:\/\/grupoaddvalora.com\/pt-br\/wp-json\/wp\/v2\/types\/page"}],"author":[{"embeddable":true,"href":"https:\/\/grupoaddvalora.com\/pt-br\/wp-json\/wp\/v2\/users\/1"}],"replies":[{"embeddable":true,"href":"https:\/\/grupoaddvalora.com\/pt-br\/wp-json\/wp\/v2\/comments?post=2474"}],"version-history":[{"count":8,"href":"https:\/\/grupoaddvalora.com\/pt-br\/wp-json\/wp\/v2\/pages\/2474\/revisions"}],"predecessor-version":[{"id":5253,"href":"https:\/\/grupoaddvalora.com\/pt-br\/wp-json\/wp\/v2\/pages\/2474\/revisions\/5253"}],"wp:attachment":[{"href":"https:\/\/grupoaddvalora.com\/pt-br\/wp-json\/wp\/v2\/media?parent=2474"}],"curies":[{"name":"wp","href":"https:\/\/api.w.org\/{rel}","templated":true}]}}