{"id":2458,"date":"2020-11-18T14:03:26","date_gmt":"2020-11-18T14:03:26","guid":{"rendered":"https:\/\/web.grupoaddvalora.com\/grupo\/"},"modified":"2021-01-29T12:37:57","modified_gmt":"2021-01-29T12:37:57","slug":"empresas","status":"publish","type":"page","link":"https:\/\/grupoaddvalora.com\/pt-br\/empresas\/","title":{"rendered":"Grupo"},"content":{"rendered":"<div class=\"wpb-content-wrapper\"><p>[vc_row full_width=&#8221;stretch_row_content_no_spaces&#8221;][vc_column]\r\n\t\t<section class='section-title-breadcrumb' style='background-image: url(https:\/\/grupoaddvalora.com\/wp-content\/uploads\/2018\/04\/header-interior-grupo.jpg);'>\r\n\t\t    <div class='cover'>\r\n\t\t\t\t<div class='container'>\t\t\t\t\t\r\n\t\t\t\t\t<h5 class='breadcrumb-title'>\r\n\t\t\t\t\t\t  <a href=\"https:\/\/grupoaddvalora.com\/pt-br\/\">In\u00edcio<\/a> <span class=\"divider\"> \/ <\/span>P\u00e1gina \r\n\t\t\t\t\t<\/h5>\t\t\t\t\t\r\n\t\t\t\t<\/div>\r\n\t\t\t<\/div>\r\n\t\t<\/section>\r\n\t[\/vc_column][\/vc_row][vc_row][vc_column]\r\n        \t<div class='section'>\r\n\t            \r\n\t            <div class='row'>\r\n\t\t\t\r\n\t\t\t\t\t<div class='add-featured'>\r\n\t\t\t\t\t\t<div class='image'>\r\n\t\t\t\t\t\t\t<div class='cover' style='background-image: url(https:\/\/grupoaddvalora.com\/wp-content\/uploads\/2018\/04\/grupo-addvalora.jpg);'>\r\n\t\t\t\t\t\t\t\t\r\n\t\t\t\t\t\t\t<\/div>\r\n\t\t\t\t\t\t<\/div>\r\n\t\t\t\t\t\t<div class='text'>\r\n\t\t\t\t\t\t\t<div class='text-content'>\r\n\t\t\t\t\t\t\t\t<\/p>\n<h1>Grupo Addvalora<\/h1>\n<p>Fundado em 2003, o Grupo Addvalora \u00e9 uma holding de capital espanhola que se dedica a regula\u00e7\u00e3o, investiga\u00e7\u00e3o e forma\u00e7\u00e3o no \u00e2mbito do Seguro.<\/p>\n<p>Todas as empresas que comp\u00f5em o GRUPO ADDVALORA compartilham o mesmo objetivo: contribuir e desenvolver em conjunto com nossos clientes &#8211; seguradoras, resseguradoras e empresas -, solu\u00e7\u00f5es estrat\u00e9gicas em gest\u00e3o de riscos e regula\u00e7\u00e3o, solu\u00e7\u00f5es que contribuam para sua sustentabilidade e crescimento.<\/p>\n<p>Contamos com uma equipe multidisciplinar de mais de 400 t\u00e9cnicos profissionais especialistas em regula\u00e7\u00e3o e gest\u00e3o de sinistros graves e complexos, apoiados por uma rede administrativa consolidada e distribu\u00eddas em nossos escrit\u00f3rios na Europa, Oriente M\u00e9dio e Am\u00e9ricas. Uma extensa rede de correspondentes abrange as demais \u00e1reas geogr\u00e1ficas na \u00c1frica, \u00c1sia e Austr\u00e1lia.<\/p>\n<p>Atualmente lideramos o campo de atua\u00e7\u00e3o no mercado espanhol e somos o gabinete espanhol com maior presen\u00e7a na Am\u00e9rica Latina.<\/p>\n<h3><em><strong>N\u00f3s somos experi\u00eancia<\/strong><\/em><\/h3>\n<p>\r\n\t\t\t\t\t\t\t<\/div>\r\n\t\t\t\t\t\t<\/div>\r\n\t\t\t\t\t<\/div>\r\n\t\r\n\t\t\t\t<\/div>\r\n\t\t\t\t\r\n\t\t\t<\/div>\r\n        [\/vc_column][\/vc_row][vc_row][vc_column]\r\n    \t\t<header class='post-title'>\r\n\t            <h2 class='title'>Os n\u00fameros mais destacados<\/h2>\r\n\t        <\/header> \r\n            \r\n            <div class='grid-filas'>\r\n                \r\n                <div class='col-3'>\r\n                    <div class='cifras'>\r\n                        <div class='cover'>\r\n                        \t<div class='c-text'>\r\n                            \t<h3 class='c-title'>PRESEN\u00c7A DE ESPECIALISTAS<\/h3>\r\n                            \t<h4 class='c-subtitle'>NAS 52 PROV\u00cdNCIAS DA ESPANHA<\/h4>\r\n                            <\/div>\r\n                        <\/div>\r\n                    <\/div>\r\n                <\/div>\r\n\r\n                <div class='col-3'>\r\n                    <div class='cifras b2'>\r\n                    \t<div class='image' style='background-image: url(https:\/\/grupoaddvalora.com\/wp-content\/uploads\/2018\/04\/facturacion.jpg);'><\/div>\r\n                        <div class='cover'>\r\n                        \t<div class='c-text'>\r\n\t                            <h3 class='c-title'>20M\u20ac<\/h3>\r\n\t                            <h4 class='c-subtitle'>DE FATURAMENTO ANUAL<\/h4>\r\n                            <\/div>\r\n                        <\/div>\r\n                    <\/div>\r\n                <\/div>\r\n\r\n                <div class='col-3'>\r\n                    <div class='cifras'>\r\n                        <div class='cover'>\r\n                        \t<div class='c-text'>\r\n\t                            <h3 class='c-title'>PROFISSIONAIS<\/h3>\r\n\t                            <h4 class='c-subtitle'>QUALIFICADOS POR ESPECIALIDADE<\/h4>\r\n                            <\/div>\r\n                        <\/div>\r\n                    <\/div>\r\n                <\/div>\r\n\r\n                <div class='col-3'>\r\n                    <div class='cifras b1'>\r\n                    \t<div class='image' style='background-image: url(https:\/\/grupoaddvalora.com\/wp-content\/uploads\/2018\/04\/paises.jpg);'><\/div>\r\n                        <div class='cover'>\r\n                        \t<div class='c-text'>\r\n\t                            <h3 class='c-title'>33<\/h3>\r\n\t                            <h4 class='c-subtitle'>ESCRIT\u00d3RIOS INTERNACIONAIS<\/h4>\r\n                            <\/div>\r\n                        <\/div>\r\n                    <\/div>\r\n                <\/div>\r\n\r\n                <div class='col-3'>\r\n                    <div class='cifras'>\r\n                        <div class='cover'>\r\n                        \t<div class='c-text'>\r\n\t                            <h3 class='c-title'>100K<\/h3>\r\n\t                            <h4 class='c-subtitle'>SINIESTROS ADMINISTRADOS A CADA ANO<\/h4>\r\n                            <\/div>\r\n                        <\/div>\r\n                    <\/div>\r\n                <\/div>\r\n\r\n                <div class='col-3'>\r\n                    <div class='cifras b4'>\r\n                    \t<div class='image' style='background-image: url(https:\/\/grupoaddvalora.com\/wp-content\/uploads\/2018\/04\/experiencia.jpg);'><\/div>\r\n                        <div class='cover'>\r\n                        \t<div class='c-text'>\r\n\t                            <h3 class='c-title'>15<\/h3>\r\n\t                            <h4 class='c-subtitle'>ANOS DE EXPERI\u00caNCIA<\/h4>\r\n                            <\/div>\r\n                        <\/div>\r\n                    <\/div>\r\n                <\/div>\r\n            <\/div>\r\n\r\n            <div class='space'><\/div>\r\n            <div class='space'><\/div>                   \r\n           [\/vc_column][\/vc_row][vc_row full_width=&#8221;stretch_row&#8221; el_class=&#8221;keypoints&#8221; css=&#8221;.vc_custom_1525708342083{background-image: url(https:\/\/grupoaddvalora.com\/wp-content\/uploads\/2018\/05\/retos-futuro.png?id=953) !important;background-position: center !important;background-repeat: no-repeat !important;background-size: cover !important;}&#8221;][vc_column][vc_row_inner css=&#8221;.vc_custom_1522944193953{padding-top: 0px !important;padding-bottom: 0px !important;}&#8221;][vc_column_inner]\r\n    \t\t<header class='post-title'>\r\n\t            <h2 class='title'>Desafios futuros<\/h2>\r\n\t            \r\n\t        <\/header> \r\n\r\n\t        No Grupo Addvalora queremos continuar a melhorar e oferecer o melhor servi\u00e7o aos nossos clientes, raz\u00e3o pela qual nosso roteiro \u00e9 baseado nesses pilares fundamentais:\r\n           \r\n           [\/vc_column_inner][\/vc_row_inner][vc_row_inner equal_height=&#8221;yes&#8221;][vc_column_inner el_class=&#8221;naranja&#8221; width=&#8221;1\/2&#8243; offset=&#8221;vc_col-md-3&#8243;]<div class='keypoint'>\r\n\t            <i class='fa fa-globe ' aria-hidden='true'><\/i>\r\n\t            <h2 class=''><\/h2>\r\n\t            <p>+ INTERNACIONALIZA\u00c7\u00c3O<\/p>                     \r\n\t        <\/div>[\/vc_column_inner][vc_column_inner width=&#8221;1\/2&#8243; offset=&#8221;vc_col-md-3&#8243;]<div class='keypoint'>\r\n\t            <i class='fa fa-wrench ' aria-hidden='true'><\/i>\r\n\t            <h2 class=''><\/h2>\r\n\t            <p>+ SERVI\u00c7O<\/p>                     \r\n\t        <\/div>[\/vc_column_inner][vc_column_inner width=&#8221;1\/2&#8243; offset=&#8221;vc_col-md-3&#8243;]<div class='keypoint'>\r\n\t            <i class='fa fa-user ' aria-hidden='true'><\/i>\r\n\t            <h2 class=''><\/h2>\r\n\t            <p>+ EXPERI\u00caNCIA<\/p>                     \r\n\t        <\/div>[\/vc_column_inner][vc_column_inner width=&#8221;1\/2&#8243; offset=&#8221;vc_col-md-3&#8243;]<div class='keypoint'>\r\n\t            <i class='fa fa-search ' aria-hidden='true'><\/i>\r\n\t            <h2 class=''><\/h2>\r\n\t            <p>+ ESPECIALIZA\u00c7\u00c3O<\/p>                     \r\n\t        <\/div>[\/vc_column_inner][\/vc_row_inner][\/vc_column][\/vc_row][vc_row][vc_column]\r\n    \t\t<header class='post-title'>\r\n\t            <h2 class='title'>Mercado e estructura<\/h2>\r\n\t            \r\n\t        <\/header> \r\n\r\n\t        \r\n           \r\n           [vc_single_image image=&#8221;4372&#8243; img_size=&#8221;full&#8221;][\/vc_column][\/vc_row][vc_row full_width=&#8221;stretch_row&#8221; css=&#8221;.vc_custom_1525708819161{background-image: url(https:\/\/grupoaddvalora.com\/wp-content\/uploads\/2018\/05\/reunion-bn.png?id=836) !important;}&#8221; el_class=&#8221;keypoints&#8221;][vc_column][vc_row_inner css=&#8221;.vc_custom_1525707664420{padding-top: 0px !important;padding-bottom: 0px !important;}&#8221;][vc_column_inner]\r\n    \t\t<header class='post-title'>\r\n\t            <h2 class='title'>Objetivos, valores e vantagens competitivas<\/h2>\r\n\t            \r\n\t        <\/header> \r\n\r\n\t        Nosso objetivo \u00e9 garantir a confian\u00e7a de nossos clientes, trabalhando com eles na busca e implementa\u00e7\u00e3o desses sistemas de gest\u00e3o e conhecimento que ajudam na sua sustentabilidade e desenvolvimento.<\/p>\n<p>Nossos principais valores para alcan\u00e7ar essa confian\u00e7a s\u00e3o objetividade e honestidade, atrav\u00e9s de nossos firmes compromissos de transpar\u00eancia, informa\u00e7\u00e3o verdadeira e confidencialidade.\r\n           \r\n           [\/vc_column_inner][\/vc_row_inner][vc_row_inner equal_height=&#8221;yes&#8221;][vc_column_inner el_class=&#8221;c-title&#8221; width=&#8221;1\/12&#8243; offset=&#8221;vc_col-md-3&#8243;]<div class='keypoint'>\r\n\t            <i class='fa fa-check ' aria-hidden='true'><\/i>\r\n\t            <h2 class=''><\/h2>\r\n\t            <p>Atua\u00e7\u00f5es e interven\u00e7\u00f5es periciais pr\u00e1ticas e eficientes<\/p>                     \r\n\t        <\/div>[\/vc_column_inner][vc_column_inner width=&#8221;2\/4&#8243; offset=&#8221;vc_col-md-3&#8243;]<div class='keypoint'>\r\n\t            <i class='fa fa-check ' aria-hidden='true'><\/i>\r\n\t            <h2 class=''><\/h2>\r\n\t            <p>Coordena\u00e7\u00e3o global e servi\u00e7o local (grande implementa\u00e7\u00e3o na Am\u00e9rica Latina)<\/p>                     \r\n\t        <\/div>[\/vc_column_inner][vc_column_inner width=&#8221;2\/4&#8243; offset=&#8221;vc_col-md-3&#8243;]<div class='keypoint'>\r\n\t            <i class='fa fa-check ' aria-hidden='true'><\/i>\r\n\t            <h2 class=''><\/h2>\r\n\t            <p>Uma rede de profissionais multidisciplinares e especializados, forma\u00e7\u00e3o cont\u00ednua<\/p>                     \r\n\t        <\/div>[\/vc_column_inner][vc_column_inner width=&#8221;2\/4&#8243; offset=&#8221;vc_col-md-3&#8243;]<div class='keypoint'>\r\n\t            <i class='fa fa-check ' aria-hidden='true'><\/i>\r\n\t            <h2 class=''><\/h2>\r\n\t            <p>Equipes de trabalho est\u00e1veis e identificadas com o objetivo de nossos clientes<\/p>                     \r\n\t        <\/div>[\/vc_column_inner][\/vc_row_inner][vc_row_inner equal_height=&#8221;yes&#8221;][vc_column_inner width=&#8221;2\/4&#8243; offset=&#8221;vc_col-md-3&#8243;]<div class='keypoint'>\r\n\t            <i class='fa fa-check ' aria-hidden='true'><\/i>\r\n\t            <h2 class=''><\/h2>\r\n\t            <p>Versatilidade diante do desafio de novos servi\u00e7os<\/p>                     \r\n\t        <\/div>[\/vc_column_inner][vc_column_inner width=&#8221;2\/4&#8243; offset=&#8221;vc_col-md-3&#8243;]<div class='keypoint'>\r\n\t            <i class='fa fa-check ' aria-hidden='true'><\/i>\r\n\t            <h2 class=''><\/h2>\r\n\t            <p>Experi\u00eancia em CAT NAT e planos de conting\u00eancia<\/p>                     \r\n\t        <\/div>[\/vc_column_inner][vc_column_inner width=&#8221;2\/4&#8243; offset=&#8221;vc_col-md-3&#8243;]<div class='keypoint'>\r\n\t            <i class='fa fa-check ' aria-hidden='true'><\/i>\r\n\t            <h2 class=''><\/h2>\r\n\t            <p>Sistemas operacionais pr\u00f3prios, tecnologia com computa\u00e7\u00e3o em nuvem<\/p>                     \r\n\t        <\/div>[\/vc_column_inner][vc_column_inner width=&#8221;2\/4&#8243; offset=&#8221;vc_col-md-3&#8243;]<div class='keypoint'>\r\n\t            <i class='fa fa-check ' aria-hidden='true'><\/i>\r\n\t            <h2 class=''><\/h2>\r\n\t            <p>Solv\u00eancia financeira do grupo e gest\u00e3o interna de riscos<\/p>                     \r\n\t        <\/div>[\/vc_column_inner][\/vc_row_inner][\/vc_column][\/vc_row][vc_row][vc_column]\r\n    \t\t<header class='post-title'>\r\n\t            <h2 class='title'>Nossa Hist\u00f3ria<\/h2>\r\n\t            \r\n\t        <\/header> \r\n\r\n\t        \r\n           \r\n           [\/vc_column][\/vc_row][vc_row full_width=&#8221;stretch_row_content_no_spaces&#8221;][vc_column]\r\n            <div class=\"timeline\">\r\n            <ol>\r\n                \r\n        \r\n        \t<li>\r\n                \r\n                <div>\r\n                \t<time>2018<\/time> \r\n                    <p>Grupo Addvalora completa 15 anos contigo<\/p>\n\r\n                <\/div>\r\n               \r\n            <\/li>       \r\n            \r\n        \r\n        \r\n        \t<li>\r\n                \r\n                <div>\r\n                \t<time>2005<\/time> \r\n                    <p>Nasce AVIAMAR<\/p>\n<p>Especialistas em Avia\u00e7\u00e3o, Marine e Carga<\/p>\n\r\n                <\/div>\r\n               \r\n            <\/li>       \r\n            \r\n        \r\n        \r\n        \t<li>\r\n                \r\n                <div>\r\n                \t<time>2006<\/time> \r\n                    <p>Nace AFIRE<br \/>\nInvestiga\u00e7\u00e3o de inc\u00eandio<\/p>\n<p>Nasce ASEPER<br \/>\nAdaptado \u00e0s necessidades do cliente<\/p>\n\r\n                <\/div>\r\n               \r\n            <\/li>       \r\n            \r\n        \r\n        \r\n        \t<li>\r\n                \r\n                <div>\r\n                \t<time>2015<\/time> \r\n                    <p>Nasce ADDIS<\/p>\n<p>A Ci\u00eancia da Experi\u00eancia: a soma de Afire e Addsecurity<\/p>\n\r\n                <\/div>\r\n               \r\n            <\/li>       \r\n            \r\n        \r\n        \r\n        \t<li>\r\n                \r\n                <div>\r\n                \t<time>2003<\/time> \r\n                    <p>Nasce AVALORA<\/p>\n<p>Regula\u00e7\u00e3o\/Perita\u00e7\u00e3o corporativa e complexa<\/p>\n\r\n                <\/div>\r\n               \r\n            <\/li>       \r\n            \r\n        \r\n        \r\n        \t<li>\r\n                \r\n                <div>\r\n                \t<time>2013<\/time> \r\n                    <p>Continuamos somando: Avalora agora \u00e9 ADDVALORA<\/p>\n<p>Fus\u00e3o com TOPLIS e HARDING<\/p>\n\r\n                <\/div>\r\n               \r\n            <\/li>       \r\n            \r\n        \r\n        \r\n        \t<li>\r\n                \r\n                <div>\r\n                \t<time>2012<\/time> \r\n                    <p>Nasce ADDGESTIO<\/p>\n<p>Nossa TPA<\/p>\n\r\n                <\/div>\r\n               \r\n            <\/li>       \r\n            \r\n        \r\n        \r\n        \t<li>\r\n                \r\n                <div>\r\n                \t<time>2011<\/time> \r\n                    <p>Nasce o Instituto Addvalora<\/p>\n<p>F\u00f3rum de reuni\u00f5es e treinamentos para o Mercado de Seguros<\/p>\n\r\n                <\/div>\r\n               \r\n            <\/li>       \r\n            \r\n        \r\n        \r\n        \t<li>\r\n                \r\n                <div>\r\n                \t<time>2020<\/time> \r\n                    <p><span style=\"font-weight: 400;\">Addvalora Brasil faz 10 anos<\/span><\/p>\n\r\n                <\/div>\r\n               \r\n            <\/li>       \r\n            \r\n        \r\n            <\/ol>\r\n            <div class=\"arrows\">\r\n\t\t\t    <a class=\"arrow arrow__prev disabled\" disabled>\r\n\t\t\t      <span class=\"fa fa-chevron-left\"><\/span>\r\n\t\t\t    <\/a>\r\n\t\t\t    <a class=\"arrow arrow__next\">\r\n\t\t\t      <span class=\"fa fa-chevron-right\"><\/span>\r\n\t\t\t    <\/a>\r\n\t\t\t<\/div>\r\n            <\/div>\r\n            <script src=\"https:\/\/cdnjs.cloudflare.com\/ajax\/libs\/hammer.js\/2.0.8\/hammer.min.js\"><\/script>\r\n            <script src=\"https:\/\/grupoaddvalora.com\/wp-content\/themes\/addvalora\/js\/timeline.js\"><\/script>\r\n\r\n            [\/vc_column][\/vc_row][vc_row][vc_column]\r\n\t\t<header class='post-title'>\r\n            <h2 class='title'>Empresas do grupo<\/h2>\r\n        <\/header> \r\n\t\t\r\n\t\t<div class=\"empresas\"><div class=\"empresa\">\r\n\t\t\t\t\r\n\t\t\t\t\t<div class=\"col-a\">\r\n\t\t\t\t\t\t<div class=\"image\" style=\"background-image: url(https:\/\/grupoaddvalora.com\/wp-content\/uploads\/2018\/04\/foto-1b.jpg);\"><\/div>\r\n\t\t\t\t\t<\/div>\r\n\r\n\t\t\t\t\t<div class=\"col-b\">\r\n\t\t\t\t\t\t<div class=\"text\">\r\n\t\t\t\t\t\t\t<img decoding=\"async\" src=\"https:\/\/grupoaddvalora.com\/wp-content\/uploads\/2018\/04\/addvalora-300x150.png\">\r\n\t\t\t\t\t\t\t<p>Expertise corporativa e complexa<br><br>\r\n\t\t\t\t\t\t\t\t<a href=\"https:\/\/grupoaddvalora.com\/pt-br\/grupo\/addvalora-global-loss-adjusters\/\" class=\"btn\">+ Info<\/a>\r\n\t\t\t\t\t\t\t<\/p>\t\t\t\t\t\t\t\r\n\t\t\t\t\t\t<\/div>\r\n\t\t\t\t\t<\/div>\r\n\t\t\t\t\r\n\t\t\t<\/div> <!-- \/empresa --><div class=\"empresa\">\r\n\t\t\t\t\r\n\t\t\t\t\t<div class=\"col-a\">\r\n\t\t\t\t\t\t<div class=\"image\" style=\"background-image: url(https:\/\/grupoaddvalora.com\/wp-content\/uploads\/2018\/04\/foto-2.jpg);\"><\/div>\r\n\t\t\t\t\t<\/div>\r\n\r\n\t\t\t\t\t<div class=\"col-b\">\r\n\t\t\t\t\t\t<div class=\"text\">\r\n\t\t\t\t\t\t\t<img decoding=\"async\" src=\"https:\/\/grupoaddvalora.com\/wp-content\/uploads\/2018\/04\/aviamar-300x150.png\">\r\n\t\t\t\t\t\t\t<p>Especialistas em avia\u00e7\u00e3o, marine e carga<br><br>\r\n\t\t\t\t\t\t\t\t<a href=\"https:\/\/grupoaddvalora.com\/pt-br\/grupo\/aviamar-international-surveyors\/\" class=\"btn\">+ Info<\/a>\r\n\t\t\t\t\t\t\t<\/p>\t\t\t\t\t\t\t\r\n\t\t\t\t\t\t<\/div>\r\n\t\t\t\t\t<\/div>\r\n\t\t\t\t\r\n\t\t\t<\/div> <!-- \/empresa --><div class=\"empresa\">\r\n\t\t\t\t\r\n\t\t\t\t\t<div class=\"col-a\">\r\n\t\t\t\t\t\t<div class=\"image\" style=\"background-image: url(https:\/\/grupoaddvalora.com\/wp-content\/uploads\/2018\/04\/foto-6.jpg);\"><\/div>\r\n\t\t\t\t\t<\/div>\r\n\r\n\t\t\t\t\t<div class=\"col-b\">\r\n\t\t\t\t\t\t<div class=\"text\">\r\n\t\t\t\t\t\t\t<img decoding=\"async\" src=\"https:\/\/grupoaddvalora.com\/wp-content\/uploads\/2018\/04\/addis-300x150.png\">\r\n\t\t\t\t\t\t\t<p>A Ci\u00eancia da Experi\u00eancia a Servi\u00e7o da investiga\u00e7\u00e3o<br><br>\r\n\t\t\t\t\t\t\t\t<a href=\"https:\/\/grupoaddvalora.com\/pt-br\/grupo\/addis-investigacion-y-seguridad\/\" class=\"btn\">+ Info<\/a>\r\n\t\t\t\t\t\t\t<\/p>\t\t\t\t\t\t\t\r\n\t\t\t\t\t\t<\/div>\r\n\t\t\t\t\t<\/div>\r\n\t\t\t\t\r\n\t\t\t<\/div> <!-- \/empresa --><div class=\"empresa\">\r\n\t\t\t\t\r\n\t\t\t\t\t<div class=\"col-a\">\r\n\t\t\t\t\t\t<div class=\"image\" style=\"background-image: url(https:\/\/grupoaddvalora.com\/wp-content\/uploads\/2018\/04\/foto-7.jpg);\"><\/div>\r\n\t\t\t\t\t<\/div>\r\n\r\n\t\t\t\t\t<div class=\"col-b\">\r\n\t\t\t\t\t\t<div class=\"text\">\r\n\t\t\t\t\t\t\t<img decoding=\"async\" src=\"https:\/\/grupoaddvalora.com\/wp-content\/uploads\/2018\/04\/aseper-300x150.png\">\r\n\t\t\t\t\t\t\t<p>Adaptada \u00e0s necessidades do cliente<br><br>\r\n\t\t\t\t\t\t\t\t<a href=\"https:\/\/grupoaddvalora.com\/pt-br\/grupo\/aseper-gerenciamento-de-riscos-e-sinistros\/\" class=\"btn\">+ Info<\/a>\r\n\t\t\t\t\t\t\t<\/p>\t\t\t\t\t\t\t\r\n\t\t\t\t\t\t<\/div>\r\n\t\t\t\t\t<\/div>\r\n\t\t\t\t\r\n\t\t\t<\/div> <!-- \/empresa --><div class=\"empresa\">\r\n\t\t\t\t\r\n\t\t\t\t\t<div class=\"col-a\">\r\n\t\t\t\t\t\t<div class=\"image\" style=\"background-image: url(https:\/\/grupoaddvalora.com\/wp-content\/uploads\/2018\/04\/foto-4.jpg);\"><\/div>\r\n\t\t\t\t\t<\/div>\r\n\r\n\t\t\t\t\t<div class=\"col-b\">\r\n\t\t\t\t\t\t<div class=\"text\">\r\n\t\t\t\t\t\t\t<img decoding=\"async\" src=\"https:\/\/grupoaddvalora.com\/wp-content\/uploads\/2018\/04\/instituto-300x150.png\">\r\n\t\t\t\t\t\t\t<p>F\u00f3rum de Reuni\u00f5es e Treinamentos para o Mercado de Seguros<br><br>\r\n\t\t\t\t\t\t\t\t<a href=\"https:\/\/grupoaddvalora.com\/pt-br\/grupo\/instituto-addvalora\/\" class=\"btn\">+ Info<\/a>\r\n\t\t\t\t\t\t\t<\/p>\t\t\t\t\t\t\t\r\n\t\t\t\t\t\t<\/div>\r\n\t\t\t\t\t<\/div>\r\n\t\t\t\t\r\n\t\t\t<\/div> <!-- \/empresa --><div class=\"empresa\">\r\n\t\t\t\t\r\n\t\t\t\t\t<div class=\"col-a\">\r\n\t\t\t\t\t\t<div class=\"image\" style=\"background-image: url(https:\/\/grupoaddvalora.com\/wp-content\/uploads\/2018\/04\/foto-5.jpg);\"><\/div>\r\n\t\t\t\t\t<\/div>\r\n\r\n\t\t\t\t\t<div class=\"col-b\">\r\n\t\t\t\t\t\t<div class=\"text\">\r\n\t\t\t\t\t\t\t<img decoding=\"async\" src=\"https:\/\/grupoaddvalora.com\/wp-content\/uploads\/2018\/04\/addgestion-300x150.png\">\r\n\t\t\t\t\t\t\t<p>Nossa TPA<br><br>\r\n\t\t\t\t\t\t\t\t<a href=\"https:\/\/grupoaddvalora.com\/pt-br\/grupo\/addgestion-servicos-de-tramitacao\/\" class=\"btn\">+ Info<\/a>\r\n\t\t\t\t\t\t\t<\/p>\t\t\t\t\t\t\t\r\n\t\t\t\t\t\t<\/div>\r\n\t\t\t\t\t<\/div>\r\n\t\t\t\t\r\n\t\t\t<\/div> <!-- \/empresa --><\/div>[\/vc_column][\/vc_row]<\/p>\n<\/div>","protected":false},"excerpt":{"rendered":"<p>[vc_row full_width=&#8221;stretch_row_content_no_spaces&#8221;][vc_column][\/vc_column][\/vc_row][vc_row][vc_column][\/vc_column][\/vc_row][vc_row][vc_column][\/vc_column][\/vc_row][vc_row full_width=&#8221;stretch_row&#8221; el_class=&#8221;keypoints&#8221; css=&#8221;.vc_custom_1525708342083{background-image: url(https:\/\/grupoaddvalora.com\/wp-content\/uploads\/2018\/05\/retos-futuro.png?id=953) !important;background-position: center !important;background-repeat: no-repeat !important;background-size: cover !important;}&#8221;][vc_column][vc_row_inner css=&#8221;.vc_custom_1522944193953{padding-top: 0px !important;padding-bottom: 0px !important;}&#8221;][vc_column_inner][\/vc_column_inner][\/vc_row_inner][vc_row_inner equal_height=&#8221;yes&#8221;][vc_column_inner el_class=&#8221;naranja&#8221; width=&#8221;1\/2&#8243; offset=&#8221;vc_col-md-3&#8243;][\/vc_column_inner][vc_column_inner width=&#8221;1\/2&#8243; offset=&#8221;vc_col-md-3&#8243;][\/vc_column_inner][vc_column_inner width=&#8221;1\/2&#8243; [&hellip;]<\/p>\n","protected":false},"author":1,"featured_media":0,"parent":0,"menu_order":4,"comment_status":"closed","ping_status":"closed","template":"","meta":{"_acf_changed":false,"footnotes":""},"class_list":["post-2458","page","type-page","status-publish","hentry"],"acf":[],"_links":{"self":[{"href":"https:\/\/grupoaddvalora.com\/pt-br\/wp-json\/wp\/v2\/pages\/2458","targetHints":{"allow":["GET"]}}],"collection":[{"href":"https:\/\/grupoaddvalora.com\/pt-br\/wp-json\/wp\/v2\/pages"}],"about":[{"href":"https:\/\/grupoaddvalora.com\/pt-br\/wp-json\/wp\/v2\/types\/page"}],"author":[{"embeddable":true,"href":"https:\/\/grupoaddvalora.com\/pt-br\/wp-json\/wp\/v2\/users\/1"}],"replies":[{"embeddable":true,"href":"https:\/\/grupoaddvalora.com\/pt-br\/wp-json\/wp\/v2\/comments?post=2458"}],"version-history":[{"count":6,"href":"https:\/\/grupoaddvalora.com\/pt-br\/wp-json\/wp\/v2\/pages\/2458\/revisions"}],"predecessor-version":[{"id":4375,"href":"https:\/\/grupoaddvalora.com\/pt-br\/wp-json\/wp\/v2\/pages\/2458\/revisions\/4375"}],"wp:attachment":[{"href":"https:\/\/grupoaddvalora.com\/pt-br\/wp-json\/wp\/v2\/media?parent=2458"}],"curies":[{"name":"wp","href":"https:\/\/api.w.org\/{rel}","templated":true}]}}