{"id":2453,"date":"2020-11-18T13:51:40","date_gmt":"2020-11-18T13:51:40","guid":{"rendered":"https:\/\/web.grupoaddvalora.com\/especialidades\/"},"modified":"2020-11-25T15:06:30","modified_gmt":"2020-11-25T15:06:30","slug":"especialidades","status":"publish","type":"page","link":"https:\/\/grupoaddvalora.com\/pt-br\/especialidades\/","title":{"rendered":"Especialidades"},"content":{"rendered":"<div class=\"wpb-content-wrapper\"><p>[vc_row full_width=&#8221;stretch_row_content_no_spaces&#8221;][vc_column]\r\n\t\t<section class='section-title-breadcrumb' style='background-image: url(https:\/\/grupoaddvalora.com\/wp-content\/uploads\/2018\/04\/header-especialidades.jpg);'>\r\n\t\t    <div class='cover'>\r\n\t\t\t\t<div class='container'>\t\t\t\t\t\r\n\t\t\t\t\t<h5 class='breadcrumb-title'>\r\n\t\t\t\t\t\t  <a href=\"https:\/\/grupoaddvalora.com\/pt-br\/\">In\u00edcio<\/a> <span class=\"divider\"> \/ <\/span>P\u00e1gina \r\n\t\t\t\t\t<\/h5>\t\t\t\t\t\r\n\t\t\t\t<\/div>\r\n\t\t\t<\/div>\r\n\t\t<\/section>\r\n\t[\/vc_column][\/vc_row][vc_row][vc_column]<header class='post-title'>\r\n\t\t            <h2 class='title'>Escopo de a\u00e7\u00e3o<\/h2>\r\n\t\t        <\/header>\r\n\t\t        \r\n\t\t        <div class=\"boxes\"><div class=\"box\">\r\n\t\t                 <div class=\"cover\">\r\n\t\t                   <figure class=\"image\" style=\"background-image: url(https:\/\/grupoaddvalora.com\/wp-content\/uploads\/2018\/04\/energia-300x300.jpg);\"><\/figure>\r\n\t\t                     <a href=\"https:\/\/grupoaddvalora.com\/pt-br\/especialidades\/energia\/\" class=\"link\" >\r\n\t\t                        <h3>\r\n\t\t                            <b>Energia<\/b><br>\r\n\t\t                            (Power, Petr\u00f3leo e G\u00e1s, Renov\u00e1veis)\r\n\t\t                        <\/h3>\r\n\t\t                    <\/a>\r\n\t\t                <\/div>\r\n\t\t            <\/div><div class=\"box\">\r\n\t\t                 <div class=\"cover\">\r\n\t\t                   <figure class=\"image\" style=\"background-image: url(https:\/\/grupoaddvalora.com\/wp-content\/uploads\/2018\/04\/miniatura-FORENSIC-300x300.jpg);\"><\/figure>\r\n\t\t                     <a href=\"https:\/\/grupoaddvalora.com\/pt-br\/especialidades\/tecnicos-forense-2\/\" class=\"link\" >\r\n\t\t                        <h3>\r\n\t\t                            <b>T\u00e9cnicos Forense<\/b><br>\r\n\t\t                            [vc_row full_width=&#8221;stretch_row_content_no_spaces&#8221;][vc_column][\/vc_column][\/vc_row][vc_row][vc_column][vc_column_text el_class=&#8221;post padding&#8221;] T\u00e9cnicos Forense Qualquer neg\u00f3cio est\u00e1 suscet\u00edvel a sofrer perdas econ\u00f4micas, diversas irregularidades financeiras, fraudes, quebra de contratos, neglig\u00eancia profissional, disputas de [&hellip;]\r\n\t\t                        <\/h3>\r\n\t\t                    <\/a>\r\n\t\t                <\/div>\r\n\t\t            <\/div><div class=\"box\">\r\n\t\t                 <div class=\"cover\">\r\n\t\t                   <figure class=\"image\" style=\"background-image: url(https:\/\/grupoaddvalora.com\/wp-content\/uploads\/2018\/04\/miniatura-RESPONSAVILIDAD-CIVIL-300x300.jpg);\"><\/figure>\r\n\t\t                     <a href=\"https:\/\/grupoaddvalora.com\/pt-br\/especialidades\/responsabilidade\/\" class=\"link\" >\r\n\t\t                        <h3>\r\n\t\t                            <b>Responsabilidade<\/b><br>\r\n\t\t                            [vc_row full_width=&#8221;stretch_row_content_no_spaces&#8221;][vc_column][\/vc_column][\/vc_row][vc_row][vc_column][vc_column_text el_class=&#8221;post padding&#8221;] Responsabilidade O seguro de responsabilidade civil serve para reparar danos causados a terceiros, de forma voluntaria, por neglig\u00eancia ou omiss\u00e3o. Nossos [&hellip;]\r\n\t\t                        <\/h3>\r\n\t\t                    <\/a>\r\n\t\t                <\/div>\r\n\t\t            <\/div><div class=\"box\">\r\n\t\t                 <div class=\"cover\">\r\n\t\t                   <figure class=\"image\" style=\"background-image: url(https:\/\/grupoaddvalora.com\/wp-content\/uploads\/2018\/04\/obra-publica-300x300.jpg);\"><\/figure>\r\n\t\t                     <a href=\"https:\/\/grupoaddvalora.com\/pt-br\/especialidades\/engenharia-e-construcao\/\" class=\"link\" >\r\n\t\t                        <h3>\r\n\t\t                            <b>Engenharia e Constru\u00e7\u00e3o<\/b><br>\r\n\t\t                            Obras p\u00fablicas e constru\u00e7\u00e3o\r\n\t\t                        <\/h3>\r\n\t\t                    <\/a>\r\n\t\t                <\/div>\r\n\t\t            <\/div><div class=\"box\">\r\n\t\t                 <div class=\"cover\">\r\n\t\t                   <figure class=\"image\" style=\"background-image: url(https:\/\/grupoaddvalora.com\/wp-content\/uploads\/2018\/04\/miniatura-MAQUINARIA-300x300.jpg);\"><\/figure>\r\n\t\t                     <a href=\"https:\/\/grupoaddvalora.com\/pt-br\/especialidades\/maquinas-de-obras-publicas-e-mineracao\/\" class=\"link\" >\r\n\t\t                        <h3>\r\n\t\t                            <b>M\u00e1quinas de Obras P\u00fablicas e Minera\u00e7\u00e3o<\/b><br>\r\n\t\t                            [vc_row full_width=&#8221;stretch_row_content_no_spaces&#8221;][vc_column][\/vc_column][\/vc_row][vc_row][vc_column][vc_row_inner][vc_column_inner][vc_column_text el_class=&#8221;post padding&#8221;] M\u00e1quinas de Obras P\u00fablicas e Minera\u00e7\u00e3o Nossa equipe \u00e9 composta por Engenheiros de Minera\u00e7\u00e3o, Engenheiros T\u00e9cnicos Industriais, Engenheiros T\u00e9cnicos Navais e [&hellip;]\r\n\t\t                        <\/h3>\r\n\t\t                    <\/a>\r\n\t\t                <\/div>\r\n\t\t            <\/div><div class=\"box\">\r\n\t\t                 <div class=\"cover\">\r\n\t\t                   <figure class=\"image\" style=\"background-image: url(https:\/\/grupoaddvalora.com\/wp-content\/uploads\/2018\/04\/miniatura-ADDVET-1-300x300.jpg);\"><\/figure>\r\n\t\t                     <a href=\"https:\/\/grupoaddvalora.com\/pt-br\/especialidades\/addvet\/\" class=\"link\" >\r\n\t\t                        <h3>\r\n\t\t                            <b>Addvet<\/b><br>\r\n\t\t                            (agr\u00e1rio, florestal, viticultura, veterin\u00e1rio)\r\n\t\t                        <\/h3>\r\n\t\t                    <\/a>\r\n\t\t                <\/div>\r\n\t\t            <\/div><div class=\"box\">\r\n\t\t                 <div class=\"cover\">\r\n\t\t                   <figure class=\"image\" style=\"background-image: url(https:\/\/grupoaddvalora.com\/wp-content\/uploads\/2018\/04\/miniatura-SIDERURGIA-300x300.jpg);\"><\/figure>\r\n\t\t                     <a href=\"https:\/\/grupoaddvalora.com\/pt-br\/especialidades\/siderurgia-e-metalurgia\/\" class=\"link\" >\r\n\t\t                        <h3>\r\n\t\t                            <b>Siderurgia e Metalurgia<\/b><br>\r\n\t\t                            [vc_row full_width=&#8221;stretch_row_content_no_spaces&#8221;][vc_column][\/vc_column][\/vc_row][vc_row][vc_column][vc_row_inner][vc_column_inner][vc_column_text el_class=&#8221;post padding&#8221;] Siderurgia e Metalurgia O setor sider\u00fargico e metal\u00fargico, concentrado no norte da Espanha, tem sido historicamente um dos pilares fundamentais para [&hellip;]\r\n\t\t                        <\/h3>\r\n\t\t                    <\/a>\r\n\t\t                <\/div>\r\n\t\t            <\/div><div class=\"box\">\r\n\t\t                 <div class=\"cover\">\r\n\t\t                   <figure class=\"image\" style=\"background-image: url(https:\/\/grupoaddvalora.com\/wp-content\/uploads\/2018\/04\/miniatura-MEDIOAMBIENTE-300x300.jpg);\"><\/figure>\r\n\t\t                     <a href=\"https:\/\/grupoaddvalora.com\/pt-br\/especialidades\/meio-ambiente\/\" class=\"link\" >\r\n\t\t                        <h3>\r\n\t\t                            <b>Meio Ambiente<\/b><br>\r\n\t\t                            e responsabilidade civil ambiental\r\n\t\t                        <\/h3>\r\n\t\t                    <\/a>\r\n\t\t                <\/div>\r\n\t\t            <\/div><div class=\"box\">\r\n\t\t                 <div class=\"cover\">\r\n\t\t                   <figure class=\"image\" style=\"background-image: url(https:\/\/grupoaddvalora.com\/wp-content\/uploads\/2018\/04\/miniatura-OCIO-TURISMO-300x300.jpg);\"><\/figure>\r\n\t\t                     <a href=\"https:\/\/grupoaddvalora.com\/pt-br\/especialidades\/lazer-e-turismo\/\" class=\"link\" >\r\n\t\t                        <h3>\r\n\t\t                            <b>Lazer e turismo<\/b><br>\r\n\t\t                            [vc_row full_width=&#8221;stretch_row_content_no_spaces&#8221;][vc_column][\/vc_column][\/vc_row][vc_row][vc_column][vc_row_inner][vc_column_inner][vc_column_text el_class=&#8221;post padding&#8221;] Lazer e turismo Nossa equipe \u00e9 composta por engenheiros de obras civis, arquitetos, engenheiros agr\u00f4nomos, advogados, economistas), com experi\u00eancia m\u00e9dia de [&hellip;]\r\n\t\t                        <\/h3>\r\n\t\t                    <\/a>\r\n\t\t                <\/div>\r\n\t\t            <\/div><div class=\"box\">\r\n\t\t                 <div class=\"cover\">\r\n\t\t                   <figure class=\"image\" style=\"background-image: url(https:\/\/grupoaddvalora.com\/wp-content\/uploads\/2018\/04\/miniatura-JOYAS-ARTE-300x300.jpg);\"><\/figure>\r\n\t\t                     <a href=\"https:\/\/grupoaddvalora.com\/pt-br\/especialidades\/fine-art-specie\/\" class=\"link\" >\r\n\t\t                        <h3>\r\n\t\t                            <b>Fine Art &amp; Specie<\/b><br>\r\n\t\t                            [vc_row full_width=&#8221;stretch_row_content_no_spaces&#8221;][vc_column][\/vc_column][\/vc_row][vc_row][vc_column][vc_row_inner][vc_column_inner][vc_column_text el_class=&#8221;post padding&#8221;] Fine Art &amp; Specie Entre os m\u00faltiplos neg\u00f3cios que necessitam de aten\u00e7\u00e3o especial do ponto de vista do seguro, em virtude [&hellip;]\r\n\t\t                        <\/h3>\r\n\t\t                    <\/a>\r\n\t\t                <\/div>\r\n\t\t            <\/div><div class=\"box\">\r\n\t\t                 <div class=\"cover\">\r\n\t\t                   <figure class=\"image\" style=\"background-image: url(https:\/\/grupoaddvalora.com\/wp-content\/uploads\/2018\/05\/miniatura-CIBERRIESGOS-300x300.jpg);\"><\/figure>\r\n\t\t                     <a href=\"https:\/\/grupoaddvalora.com\/pt-br\/especialidades\/ict-e-ciberriesgos\/\" class=\"link\" >\r\n\t\t                        <h3>\r\n\t\t                            <b>ICT e Ciberriesgos<\/b><br>\r\n\t\t                            [vc_row full_width=&#8221;stretch_row_content_no_spaces&#8221;][vc_column][\/vc_column][\/vc_row][vc_row][vc_column][vc_row_inner][vc_column_inner][vc_column_text el_class=&#8221;post padding&#8221;] ICT &amp; Ciberriesgos O Departamento de ICT e Riscos Cibern\u00e9ticos (Tecnologias da Informa\u00e7\u00e3o e Comunica\u00e7\u00e3o) decorre da necessidade de gerenciar especificamente [&hellip;]\r\n\t\t                        <\/h3>\r\n\t\t                    <\/a>\r\n\t\t                <\/div>\r\n\t\t            <\/div><div class=\"box\">\r\n\t\t                 <div class=\"cover\">\r\n\t\t                   <figure class=\"image\" style=\"background-image: url(https:\/\/grupoaddvalora.com\/wp-content\/uploads\/2018\/05\/miniatura-MOTOR-300x300.jpg);\"><\/figure>\r\n\t\t                     <a href=\"https:\/\/grupoaddvalora.com\/pt-br\/especialidades\/motor\/\" class=\"link\" >\r\n\t\t                        <h3>\r\n\t\t                            <b>Motor<\/b><br>\r\n\t\t                            [vc_row full_width=&#8221;stretch_row_content_no_spaces&#8221;][vc_column][\/vc_column][\/vc_row][vc_row][vc_column][vc_row_inner][vc_column_inner][vc_column_text el_class=&#8221;post padding&#8221;] Motor A divis\u00e3o de Motores foi criada em 1990 para resolver reclama\u00e7\u00f5es de ve\u00edculos de forma eficaz e r\u00e1pida. Desde ent\u00e3o, [&hellip;]\r\n\t\t                        <\/h3>\r\n\t\t                    <\/a>\r\n\t\t                <\/div>\r\n\t\t            <\/div><div class=\"box\">\r\n\t\t                 <div class=\"cover\">\r\n\t\t                   <figure class=\"image\" style=\"background-image: url(https:\/\/grupoaddvalora.com\/wp-content\/uploads\/2018\/05\/MINI-AVIACION-300x300.jpg);\"><\/figure>\r\n\t\t                     <a href=\"https:\/\/grupoaddvalora.com\/pt-br\/especialidades\/aviacao\/\" class=\"link\" >\r\n\t\t                        <h3>\r\n\t\t                            <b>Avia\u00e7\u00e3o<\/b><br>\r\n\t\t                            [vc_row full_width=&#8221;stretch_row_content_no_spaces&#8221;][vc_column][\/vc_column][\/vc_row][vc_row][vc_column][vc_column_text el_class=&#8221;post padding&#8221;] Avia\u00e7\u00e3o A Aviamar Avia\u00e7\u00e3o \u00e9 l\u00edder na Espanha na regula\u00e7\u00e3o de sinistros de aeronaves, tanto da avia\u00e7\u00e3o comercial quanto geral, em [&hellip;]\r\n\t\t                        <\/h3>\r\n\t\t                    <\/a>\r\n\t\t                <\/div>\r\n\t\t            <\/div><div class=\"box\">\r\n\t\t                 <div class=\"cover\">\r\n\t\t                   <figure class=\"image\" style=\"background-image: url(https:\/\/grupoaddvalora.com\/wp-content\/uploads\/2018\/05\/MINI-MARITIMO-300x300.jpg);\"><\/figure>\r\n\t\t                     <a href=\"https:\/\/grupoaddvalora.com\/pt-br\/especialidades\/marine\/\" class=\"link\" >\r\n\t\t                        <h3>\r\n\t\t                            <b>Marine<\/b><br>\r\n\t\t                            [vc_row full_width=&#8221;stretch_row_content_no_spaces&#8221;][vc_column][\/vc_column][\/vc_row][vc_row][vc_column][vc_row_inner][vc_column_inner][vc_column_text el_class=&#8221;post padding&#8221;] Marine A Aviamar Marine se dedica a regula\u00e7\u00e3o\/ajuste internacional dos danos no \u00e2mbito naval: cascos e m\u00e1quinas, responsabilidade civil e lucros [&hellip;]\r\n\t\t                        <\/h3>\r\n\t\t                    <\/a>\r\n\t\t                <\/div>\r\n\t\t            <\/div><div class=\"box\">\r\n\t\t                 <div class=\"cover\">\r\n\t\t                   <figure class=\"image\" style=\"background-image: url(https:\/\/grupoaddvalora.com\/wp-content\/uploads\/2018\/05\/MINI-MERCANCIAS-300x300.jpg);\"><\/figure>\r\n\t\t                     <a href=\"https:\/\/grupoaddvalora.com\/pt-br\/especialidades\/carga\/\" class=\"link\" >\r\n\t\t                        <h3>\r\n\t\t                            <b>Carga<\/b><br>\r\n\t\t                            Mercadorias\r\n\t\t                        <\/h3>\r\n\t\t                    <\/a>\r\n\t\t                <\/div>\r\n\t\t            <\/div><div class=\"box\">\r\n\t\t                 <div class=\"cover\">\r\n\t\t                   <figure class=\"image\" style=\"background-image: url(https:\/\/grupoaddvalora.com\/wp-content\/uploads\/2018\/05\/miniatura-VALORACIONES-300x300.jpg);\"><\/figure>\r\n\t\t                     <a href=\"https:\/\/grupoaddvalora.com\/pt-br\/especialidades\/avaliacao-e-gerencia-de-riscos\/\" class=\"link\" >\r\n\t\t                        <h3>\r\n\t\t                            <b>Avalia\u00e7\u00e3o e ger\u00eancia de riscos<\/b><br>\r\n\t\t                            [vc_row full_width=&#8221;stretch_row_content_no_spaces&#8221;][vc_column][\/vc_column][\/vc_row][vc_row][vc_column][vc_row_inner][vc_column_inner][vc_column_text el_class=&#8221;post padding&#8221;] ASEPER, gerenciamento de riscos e sinistros Relat\u00f3rios e pareceres t\u00e9cnicos em processos judiciais e extrajudiciais, assessoria especializada em reclama\u00e7\u00f5es a advogados [&hellip;]\r\n\t\t                        <\/h3>\r\n\t\t                    <\/a>\r\n\t\t                <\/div>\r\n\t\t            <\/div><div class=\"box\">\r\n\t\t                 <div class=\"cover\">\r\n\t\t                   <figure class=\"image\" style=\"background-image: url(https:\/\/grupoaddvalora.com\/wp-content\/uploads\/2018\/04\/AFIRE-1-300x300.jpg);\"><\/figure>\r\n\t\t                     <a href=\"https:\/\/grupoaddvalora.com\/pt-br\/especialidades\/incendios-e-explosoes\/\" class=\"link\" >\r\n\t\t                        <h3>\r\n\t\t                            <b>Inc\u00eandios e explos\u00f5es<\/b><br>\r\n\t\t                            [vc_row full_width=&#8221;stretch_row_content_no_spaces&#8221;][vc_column][\/vc_column][\/vc_row][vc_row][vc_column][vc_row_inner][vc_column_inner][vc_column_text el_class=&#8221;post padding&#8221;] Investiga\u00e7\u00e3o de inc\u00eandios e explos\u00f5es Inspe\u00e7\u00e3o do local de ocorr\u00eancia dos eventos e an\u00e1lise de amostras, se necess\u00e1rio Aplica\u00e7\u00e3o de conhecimento [&hellip;]\r\n\t\t                        <\/h3>\r\n\t\t                    <\/a>\r\n\t\t                <\/div>\r\n\t\t            <\/div><div class=\"box\">\r\n\t\t                 <div class=\"cover\">\r\n\t\t                   <figure class=\"image\" style=\"background-image: url(https:\/\/grupoaddvalora.com\/wp-content\/uploads\/2018\/05\/MINI-ELECTRICO-300x300.jpg);\"><\/figure>\r\n\t\t                     <a href=\"https:\/\/grupoaddvalora.com\/pt-br\/especialidades\/alarmes-e-sistemas-de-seguranca\/\" class=\"link\" >\r\n\t\t                        <h3>\r\n\t\t                            <b>Alarmes e sistemas de seguran\u00e7a<\/b><br>\r\n\t\t                            [vc_row full_width=&#8221;stretch_row_content_no_spaces&#8221;][vc_column][\/vc_column][\/vc_row][vc_row][vc_column][vc_row_inner][vc_column_inner][vc_column_text el_class=&#8221;post padding&#8221;] Pesquisa sobre a opera\u00e7\u00e3o de sistemas de seguran\u00e7a Inspe\u00e7\u00e3o do local do roubo Aplica\u00e7\u00e3o de conhecimentos de engenharia de seguran\u00e7a para [&hellip;]\r\n\t\t                        <\/h3>\r\n\t\t                    <\/a>\r\n\t\t                <\/div>\r\n\t\t            <\/div><div class=\"box\">\r\n\t\t                 <div class=\"cover\">\r\n\t\t                   <figure class=\"image\" style=\"background-image: url(https:\/\/grupoaddvalora.com\/wp-content\/uploads\/2018\/05\/MINI-AVERIA-300x300.jpg);\"><\/figure>\r\n\t\t                     <a href=\"https:\/\/grupoaddvalora.com\/pt-br\/especialidades\/quebra-de-maquinas-e-danos-electricos\/\" class=\"link\" >\r\n\t\t                        <h3>\r\n\t\t                            <b>Quebra de m\u00e1quinas e danos el\u00e9ctricos<\/b><br>\r\n\t\t                            [vc_row full_width=&#8221;stretch_row_content_no_spaces&#8221;][vc_column][\/vc_column][\/vc_row][vc_row][vc_column][vc_row_inner][vc_column_inner][vc_column_text el_class=&#8221;post padding&#8221;] Investiga\u00e7\u00e3o de causa dos danos (a m\u00e1quinas, instala\u00e7\u00f5es industriais, equipamentos el\u00e9tricos e eletr\u00f4nicos) Inspe\u00e7\u00e3o do local ou equipamento que foi danificado [&hellip;]\r\n\t\t                        <\/h3>\r\n\t\t                    <\/a>\r\n\t\t                <\/div>\r\n\t\t            <\/div><div class=\"box\">\r\n\t\t                 <div class=\"cover\">\r\n\t\t                   <figure class=\"image\" style=\"background-image: url(https:\/\/grupoaddvalora.com\/wp-content\/uploads\/2020\/12\/Accidentes-Laborales-1-300x300.jpg);\"><\/figure>\r\n\t\t                     <a href=\"https:\/\/grupoaddvalora.com\/pt-br\/especialidades\/investigacion-de-accidentes-laborales\/\" class=\"link\" >\r\n\t\t                        <h3>\r\n\t\t                            <b>Investiga\u00e7\u00e3o de acidentes de trabalho<\/b><br>\r\n\t\t                            [vc_row full_width=&#8221;stretch_row_content_no_spaces&#8221;][vc_column][\/vc_column][\/vc_row][vc_row][vc_column][vc_row_inner][vc_column_inner][vc_column_text el_class=&#8221;post padding&#8221;] Investiga\u00e7\u00e3o de acidentes de trabalho Reconstru\u00e7\u00e3o e Investiga\u00e7\u00e3o de Acidentes de Trabalho, no \u00e2mbito regulat\u00f3rio da Lei 31\/95, sobre a Preven\u00e7\u00e3o [&hellip;]\r\n\t\t                        <\/h3>\r\n\t\t                    <\/a>\r\n\t\t                <\/div>\r\n\t\t            <\/div><div class=\"box\">\r\n\t\t                 <div class=\"cover\">\r\n\t\t                   <figure class=\"image\" style=\"background-image: url(https:\/\/grupoaddvalora.com\/wp-content\/uploads\/2018\/05\/MINI-ACCIDENTES-TRAFICO-300x300.jpg);\"><\/figure>\r\n\t\t                     <a href=\"https:\/\/grupoaddvalora.com\/pt-br\/especialidades\/reconstrucao-de-acidentes-de-transito\/\" class=\"link\" >\r\n\t\t                        <h3>\r\n\t\t                            <b>Reconstru\u00e7\u00e3o de acidentes de tr\u00e2nsito<\/b><br>\r\n\t\t                            [vc_row full_width=&#8221;stretch_row_content_no_spaces&#8221;][vc_column][\/vc_column][\/vc_row][vc_row][vc_column][vc_row_inner][vc_column_inner][vc_column_text el_class=&#8221;post padding&#8221;] Investiga\u00e7\u00e3o da forma como ocorre um acidente de tr\u00e2nsito Inspe\u00e7\u00e3o do local do acidente Aplica\u00e7\u00e3o do conhecimento f\u00edsico do campo da [&hellip;]\r\n\t\t                        <\/h3>\r\n\t\t                    <\/a>\r\n\t\t                <\/div>\r\n\t\t            <\/div><div class=\"box\">\r\n\t\t                 <div class=\"cover\">\r\n\t\t                   <figure class=\"image\" style=\"background-image: url(https:\/\/grupoaddvalora.com\/wp-content\/uploads\/2018\/05\/MINI-FORMACION-300x300.jpg);\"><\/figure>\r\n\t\t                     <a href=\"https:\/\/grupoaddvalora.com\/pt-br\/especialidades\/treinamento-e-atividades-culturais\/\" class=\"link\" >\r\n\t\t                        <h3>\r\n\t\t                            <b>Treinamento e atividades culturais<\/b><br>\r\n\t\t                            [vc_row full_width=&#8221;stretch_row_content_no_spaces&#8221;][vc_column][\/vc_column][\/vc_row][vc_row][vc_column][vc_row_inner][vc_column_inner][vc_column_text el_class=&#8221;post padding&#8221;] Instituto Addvalora CURSOS PROFISSIONAIS Lucros Cessantes Energia renov\u00e1vel Responsabilidade civil Inc\u00eandio e quebra de m\u00e1quinas Usinas t\u00e9rmicas e cogera\u00e7\u00e3o Usinas e [&hellip;]\r\n\t\t                        <\/h3>\r\n\t\t                    <\/a>\r\n\t\t                <\/div>\r\n\t\t            <\/div><\/div>[\/vc_column][\/vc_row]<\/p>\n<\/div>","protected":false},"excerpt":{"rendered":"<p>[vc_row full_width=&#8221;stretch_row_content_no_spaces&#8221;][vc_column][\/vc_column][\/vc_row][vc_row][vc_column][\/vc_column][\/vc_row]<\/p>\n","protected":false},"author":1,"featured_media":0,"parent":0,"menu_order":2,"comment_status":"closed","ping_status":"closed","template":"","meta":{"_acf_changed":false,"footnotes":""},"class_list":["post-2453","page","type-page","status-publish","hentry"],"acf":[],"_links":{"self":[{"href":"https:\/\/grupoaddvalora.com\/pt-br\/wp-json\/wp\/v2\/pages\/2453","targetHints":{"allow":["GET"]}}],"collection":[{"href":"https:\/\/grupoaddvalora.com\/pt-br\/wp-json\/wp\/v2\/pages"}],"about":[{"href":"https:\/\/grupoaddvalora.com\/pt-br\/wp-json\/wp\/v2\/types\/page"}],"author":[{"embeddable":true,"href":"https:\/\/grupoaddvalora.com\/pt-br\/wp-json\/wp\/v2\/users\/1"}],"replies":[{"embeddable":true,"href":"https:\/\/grupoaddvalora.com\/pt-br\/wp-json\/wp\/v2\/comments?post=2453"}],"version-history":[{"count":5,"href":"https:\/\/grupoaddvalora.com\/pt-br\/wp-json\/wp\/v2\/pages\/2453\/revisions"}],"predecessor-version":[{"id":3578,"href":"https:\/\/grupoaddvalora.com\/pt-br\/wp-json\/wp\/v2\/pages\/2453\/revisions\/3578"}],"wp:attachment":[{"href":"https:\/\/grupoaddvalora.com\/pt-br\/wp-json\/wp\/v2\/media?parent=2453"}],"curies":[{"name":"wp","href":"https:\/\/api.w.org\/{rel}","templated":true}]}}