{"id":2443,"date":"2020-11-18T13:51:13","date_gmt":"2020-11-18T13:51:13","guid":{"rendered":"https:\/\/web.grupoaddvalora.com\/entidades\/"},"modified":"2021-06-21T08:48:34","modified_gmt":"2021-06-21T08:48:34","slug":"entidades","status":"publish","type":"page","link":"https:\/\/grupoaddvalora.com\/pt-br\/entidades\/","title":{"rendered":"Entidades"},"content":{"rendered":"<div class=\"wpb-content-wrapper\"><p>[vc_row full_width=&#8221;stretch_row_content_no_spaces&#8221;][vc_column]\r\n\t\t<section class='section-title-breadcrumb' style='background-image: url(https:\/\/grupoaddvalora.com\/wp-content\/uploads\/2018\/04\/header-especialidades.jpg);'>\r\n\t\t    <div class='cover'>\r\n\t\t\t\t<div class='container'>\t\t\t\t\t\r\n\t\t\t\t\t<h5 class='breadcrumb-title'>\r\n\t\t\t\t\t\t  <a href=\"https:\/\/grupoaddvalora.com\/pt-br\/\">In\u00edcio<\/a> <span class=\"divider\"> \/ <\/span>P\u00e1gina \r\n\t\t\t\t\t<\/h5>\t\t\t\t\t\r\n\t\t\t\t<\/div>\r\n\t\t\t<\/div>\r\n\t\t<\/section>\r\n\t[\/vc_column][\/vc_row][vc_row][vc_column]\r\n    \t\t<header class='post-title'>\r\n\t            <h2 class='title'>Entidades<\/h2>\r\n\t            \r\n\t        <\/header> \r\n\r\n\t        \r\n           \r\n           [\/vc_column][\/vc_row][vc_row][vc_column][vc_column_text]<strong>Correspons\u00e1veis:<\/strong><\/p>\n<p>AVALORA ADJUSTERS GROUP, S.L. (GRUPO ADDVALORA), localizada na Rua Pr\u00edncipe de Vergara 38, 4\u00ba Izq. 28001 Madrid, integrada pelas seguintes sociedades situadas no mesmo endere\u00e7o:<\/p>\n<p>AVALORA SERVICIOS PERICIALES, S.L.<br \/>\nAtividade: avalia\u00e7\u00e3o de reclama\u00e7\u00f5es para as Companhias Seguradoras.<\/p>\n<p>AVIAMAR INTERNATIONAL SURVEYORS, S.L.<br \/>\nAtividade: avalia\u00e7\u00e3o de reclama\u00e7\u00f5es para as Companhias Seguradoras, especializada no setor de transporte: avia\u00e7\u00e3o, mar\u00edtimo e rodovi\u00e1rio.<\/p>\n<p>INSTITUTO AVALORA, S.L.<br \/>\nAtividade: forma\u00e7\u00e3o educacional.<\/p>\n<p>ADDIS INVESTIGACI\u00d3N Y SEGURIDAD, S.L.<br \/>\nAtividade: investiga\u00e7\u00e3o das causas de inc\u00eandios, especializadas nos processos de seguran\u00e7a.<\/p>\n<p>ADDGESTION SERVICIOS DE TRAMITACI\u00d3N, S.L.<br \/>\nAtividade: servi\u00e7os de terceiriza\u00e7\u00e3o\u00a0 e gest\u00e3o de terceiros em todas as \u00e1reas de seguros.<\/p>\n<p>E pela seguinte sociedade, situada na Rua General Concha, 12, 2\u00ba Dcha., 48008 Bilbao:<\/p>\n<p>ASEPER GESTI\u00d3N DEL RIESGO Y DEL SINIESTRO, S.L.<br \/>\nAtividade: inspe\u00e7\u00f5es de riscos, relat\u00f3rios periciais e sua defesa nos tr\u00e2mites judiciais, avalia\u00e7\u00e3o de ativos, reloca\u00e7\u00e3o e opera\u00e7\u00f5es de empresas.<br \/>\nContato \u2013 Respons\u00e1vel pela Prote\u00e7\u00e3o de Dados: <a href=\"mailto:protecaodedados@addvaloraglobal.com\">protecaodedados@addvaloraglobal.com<\/a><\/p>\n<p><strong>Finalidade e crit\u00e9rios de armazenamento:<\/strong><\/p>\n<p>Gest\u00e3o dos produtos e servi\u00e7os contratados descritos nas diferentes atividades de cada entidade.<br \/>\nUma vez finalizada a rela\u00e7\u00e3o contratual com nossos clientes, seus dados pessoais ser\u00e3o bloqueados durante os prazos de prescri\u00e7\u00e3o legal, em regra, de 5 anos, conforme legisla\u00e7\u00e3o civil brasileira.<\/p>\n<p>Se deseja saber se seus dados est\u00e3o sendo objeto de decis\u00f5es automatizadas e qual a metodologia usada, dever\u00e1 enviar um e-mail para <a href=\"mailto:protecaodedados@addvaloraglobal.com\">protecaodedados@addvaloraglobal.com<\/a><\/p>\n<p><strong>Legitima\u00e7\u00e3o:<\/strong><\/p>\n<p>Qualquer altera\u00e7\u00e3o dever\u00e1 ser precedida de consentimento expresso outorgado pelo pr\u00f3prio interessado, sendo em todas as situa\u00e7\u00f5es ser\u00e3o observadas as obriga\u00e7\u00f5es contratuais e as decorrentes da legisla\u00e7\u00e3o aplic\u00e1vel.<\/p>\n<p><strong>Destinat\u00e1rios:<\/strong><\/p>\n<p>Seus dados poder\u00e3o ser comunicados a outras entidades correspons\u00e1veis do tratamento (por exemplo, Companhias de Seguros, Corretores de Seguros, e outras entidades colaboradoras) para a obten\u00e7\u00e3o dos servi\u00e7os contratados, bem como aos \u00d3rg\u00e3os Oficiais para o das exig\u00eancias legais aplic\u00e1veis.<\/p>\n<p>N\u00e3o ser\u00e3o realizadas transfer\u00eancias internacionais de dados, salvo autoriza\u00e7\u00e3o expressa.<\/p>\n<p><strong>Direitos:<\/strong><\/p>\n<p>Voc\u00ea pode exercer o direito de acesso, retifica\u00e7\u00e3o, cancelamento e oposi\u00e7\u00e3o, assim como os direitos de limita\u00e7\u00e3o no tratamento, portabilidade e o direito \u00e0 supress\u00e3o, mediante pedido a ser enviado ao e-mail: <a href=\"mailto:protecaodedados@addvaloraglobal.com\">protecaodedados@addvaloraglobal.com<\/a>.<\/p>\n<p>Caso queira cancelar o seu consentimento para o tratamento de dados, basta enviar o pedido ao e-mail: <a href=\"mailto:protecaodedados@addvaloraglobal.com\">protecaodedados@addvaloraglobal.com<\/a> ou mesmo por carta registrada \u00e0 Filial Addvalora correspondente, acompanhando a sua identifica\u00e7\u00e3o (ex: CPF), explicando os motivos pelos quais deseja fazer a revoga\u00e7\u00e3o, apontando o processo\/ap\u00f3lice\/produto em que teve conhecimento ter sido envolvido algum de seus dados.<\/p>\n<p><strong>Informa\u00e7\u00e3o adicional e proced\u00eancia de seus dados:<\/strong><\/p>\n<p>Para consultar mais informa\u00e7\u00f5es relativas ao tratamento de dados, voc\u00ea pode acessar a p\u00e1gina <a href=\"https:\/\/grupoaddvalora.com\">www.grupoaddvalora.com<\/a>. Caso necessite de informa\u00e7\u00f5es sobre os seus dados e como eles est\u00e3o sendo utilizados, basta enviar um e-mail para: <a href=\"mailto:protecaodedados@addvaloraglobal.com\">protecaodedados@addvaloraglobal.com<\/a>.<\/p>\n<p>A navega\u00e7\u00e3o por estas p\u00e1ginas das entidades do GRUPO ADDVALORA, implica que voc\u00ea consente expressamente o tratamento dos dados que voc\u00ea nos forneceu. Se deseja mais informa\u00e7\u00f5es sobre nossa pol\u00edtica de privacidade e prote\u00e7\u00e3o de dados, pode consultar no seguinte link: <a href=\"https:\/\/grupoaddvalora.com\">www.grupoaddvalora.com<\/a>[\/vc_column_text][\/vc_column][\/vc_row]<strong><br \/>\n<\/strong><\/p>\n<\/div>","protected":false},"excerpt":{"rendered":"<p>[vc_row full_width=&#8221;stretch_row_content_no_spaces&#8221;][vc_column][\/vc_column][\/vc_row][vc_row][vc_column][\/vc_column][\/vc_row][vc_row][vc_column][vc_column_text]Correspons\u00e1veis: AVALORA ADJUSTERS GROUP, S.L. (GRUPO ADDVALORA), localizada na Rua Pr\u00edncipe de Vergara 38, 4\u00ba Izq. 28001 Madrid, integrada pelas seguintes sociedades situadas no [&hellip;]<\/p>\n","protected":false},"author":1,"featured_media":0,"parent":0,"menu_order":0,"comment_status":"closed","ping_status":"closed","template":"","meta":{"_acf_changed":false,"footnotes":""},"class_list":["post-2443","page","type-page","status-publish","hentry"],"acf":[],"_links":{"self":[{"href":"https:\/\/grupoaddvalora.com\/pt-br\/wp-json\/wp\/v2\/pages\/2443","targetHints":{"allow":["GET"]}}],"collection":[{"href":"https:\/\/grupoaddvalora.com\/pt-br\/wp-json\/wp\/v2\/pages"}],"about":[{"href":"https:\/\/grupoaddvalora.com\/pt-br\/wp-json\/wp\/v2\/types\/page"}],"author":[{"embeddable":true,"href":"https:\/\/grupoaddvalora.com\/pt-br\/wp-json\/wp\/v2\/users\/1"}],"replies":[{"embeddable":true,"href":"https:\/\/grupoaddvalora.com\/pt-br\/wp-json\/wp\/v2\/comments?post=2443"}],"version-history":[{"count":5,"href":"https:\/\/grupoaddvalora.com\/pt-br\/wp-json\/wp\/v2\/pages\/2443\/revisions"}],"predecessor-version":[{"id":4440,"href":"https:\/\/grupoaddvalora.com\/pt-br\/wp-json\/wp\/v2\/pages\/2443\/revisions\/4440"}],"wp:attachment":[{"href":"https:\/\/grupoaddvalora.com\/pt-br\/wp-json\/wp\/v2\/media?parent=2443"}],"curies":[{"name":"wp","href":"https:\/\/api.w.org\/{rel}","templated":true}]}}